{"id":1828,"date":"2022-12-07T15:39:01","date_gmt":"2022-12-07T15:39:01","guid":{"rendered":"https:\/\/cmps-ksg.ch\/projekte\/"},"modified":"2024-11-26T11:29:50","modified_gmt":"2024-11-26T11:29:50","slug":"projets","status":"publish","type":"page","link":"https:\/\/cmps-ksg.ch\/fr\/projets\/","title":{"rendered":"Projets"},"content":{"rendered":"\n<div class=\"wp-block-cover alignfull is-light has-parallax\" style=\"min-height:50vh;aspect-ratio:unset;\"><span aria-hidden=\"true\" class=\"wp-block-cover__background has-background-dim-0 has-background-dim\"><\/span><div class=\"wp-block-cover__image-background wp-image-1053 has-parallax\" style=\"background-position:50% 50%;background-image:url(https:\/\/cmps-ksg.ch\/wp-content\/uploads\/2022\/12\/nicolo-mandelli-AkqIQTglShA-unsplash_4.webp)\"><\/div><div class=\"wp-block-cover__inner-container is-layout-flow wp-block-cover-is-layout-flow\">\n<p class=\"has-text-align-center has-ast-global-color-5-color has-text-color has-large-font-size\"><\/p>\n<\/div><\/div>\n\n\n\n<h1 class=\"wp-block-heading\">Projets<\/h1>\n\n\n<style>.kb-row-layout-id1828_3eedbb-9a > .kt-row-column-wrap{align-content:start;}:where(.kb-row-layout-id1828_3eedbb-9a > .kt-row-column-wrap) > .wp-block-kadence-column{justify-content:start;}.kb-row-layout-id1828_3eedbb-9a > .kt-row-column-wrap{column-gap:var(--global-kb-gap-md, 2rem);row-gap:var(--global-kb-gap-md, 2rem);padding-top:var(--global-kb-spacing-sm, 1.5rem);padding-bottom:var(--global-kb-spacing-sm, 1.5rem);grid-template-columns:minmax(0, 1fr);}.kb-row-layout-id1828_3eedbb-9a > .kt-row-layout-overlay{opacity:0.30;}.kb-row-layout-id1828_3eedbb-9a .kt-row-layout-bottom-sep{height:100px;}.kb-row-layout-id1828_3eedbb-9a .kt-row-layout-bottom-sep svg{width:100%;}.kb-row-layout-id1828_3eedbb-9a .kt-row-layout-bottom-sep svg{fill:#ffffff!important;}@media all and (max-width: 1024px){.kb-row-layout-id1828_3eedbb-9a > .kt-row-column-wrap{grid-template-columns:minmax(0, 1fr);}}@media all and (max-width: 1024px){.kb-row-layout-id1828_3eedbb-9a .kt-row-layout-bottom-sep{height:px;}}@media all and (max-width: 1024px){.kb-row-layout-id1828_3eedbb-9a .kt-row-layout-bottom-sep svg{width:%;}}@media all and (max-width: 767px){.kb-row-layout-id1828_3eedbb-9a > .kt-row-column-wrap{grid-template-columns:minmax(0, 1fr);}.kb-row-layout-id1828_3eedbb-9a .kt-row-layout-bottom-sep{height:px;}.kb-row-layout-id1828_3eedbb-9a .kt-row-layout-bottom-sep svg{width:%;}}<\/style><div class=\"kb-row-layout-wrap kb-row-layout-id1828_3eedbb-9a alignnone wp-block-kadence-rowlayout\"><div class=\"kt-row-column-wrap kt-has-1-columns kt-row-layout-equal kt-tab-layout-inherit kt-mobile-layout-row kt-row-valign-top\">\n<style>.kadence-column1828_b56054-ad > .kt-inside-inner-col,.kadence-column1828_b56054-ad > .kt-inside-inner-col:before{border-top-left-radius:0px;border-top-right-radius:0px;border-bottom-right-radius:0px;border-bottom-left-radius:0px;}.kadence-column1828_b56054-ad > .kt-inside-inner-col{column-gap:var(--global-kb-gap-sm, 1rem);}.kadence-column1828_b56054-ad > .kt-inside-inner-col{flex-direction:column;}.kadence-column1828_b56054-ad > .kt-inside-inner-col > .aligncenter{width:100%;}.kadence-column1828_b56054-ad > .kt-inside-inner-col:before{opacity:0.3;}.kadence-column1828_b56054-ad{position:relative;}@media all and (max-width: 1024px){.kadence-column1828_b56054-ad > .kt-inside-inner-col{flex-direction:column;justify-content:center;}}@media all and (max-width: 767px){.kadence-column1828_b56054-ad > .kt-inside-inner-col{flex-direction:column;justify-content:center;}}<\/style>\n<div class=\"wp-block-kadence-column kadence-column1828_b56054-ad inner-column-1 cta-box dunkel\"><div class=\"kt-inside-inner-col\">\n<h2 class=\"wp-block-heading\">Projets et groupes de travail<\/h2>\n\n\n\n<h3 class=\"wp-block-heading\">Projet pilote pour l\u2019examen des standards en mati\u00e8re de droits humains et des soins de sant\u00e9 dans les \u00e9tablissements de privation de libert\u00e9 (<em>je ne connais pas l\u2019abr\u00e9viation officielle de ce projet en fran\u00e7ais<\/em>)<\/h3>\n\n\n\n<ul class=\"wp-block-list\">\n<li>Groupe de travail \u00ab\u00a0Soins de sant\u00e9 pour les d\u00e9tenus sans assurance maladie\u00a0\u00bb<\/li>\n\n\n\n<li>Projet (initi\u00e9 par l\u2019OFSP)&nbsp;:&nbsp; D\u00e9finition des \u00ab\u00a0Mesures de mise en \u0153uvre des nouvelles directives concernant l\u2019h\u00e9patite C chez les consommateurs de drogue dans les lieux de privation de libert\u00e9\u00a0\u00bb. <\/li>\n\n\n\n<li>Mandat donn\u00e9<\/li>\n<\/ul>\n\n\n<style>.wp-block-kadence-spacer.kt-block-spacer-1828_d7aed9-04 .kt-block-spacer{height:30px;}.wp-block-kadence-spacer.kt-block-spacer-1828_d7aed9-04 .kt-divider{border-top-width:1px;height:1px;border-top-color:#eee;width:100%;border-top-style:solid;}<\/style>\n<div class=\"wp-block-kadence-spacer aligncenter kt-block-spacer-1828_d7aed9-04\"><div class=\"kt-block-spacer kt-block-spacer-halign-center\"><hr class=\"kt-divider\"\/><\/div><\/div>\n\n\n\n<h3 class=\"wp-block-heading\">Projekt Age Quake<\/h3>\n\n\n\n<p>Arbeiten im Schweiz. Justizvollzug: eine regelm\u00e4ssige Befragung des Personals, der Gefangenen und der Anstalten<\/p>\n\n\n\n<ul class=\"wp-block-list\">\n<li><a href=\"https:\/\/forschdb2.unibas.ch\/inf2\/rm_projects\/object_view.php?r=3459614\" target=\"_blank\" rel=\"noreferrer noopener\">forschdb2.unibas.ch\/inf2\/rm_projects\/object_view.php?r=3459614<\/a><\/li>\n\n\n\n<li><a href=\"http:\/\/p3.snf.ch\/Project-169495\" target=\"_blank\" rel=\"noreferrer noopener\">p3.snf.ch\/Project-169495<\/a><\/li>\n<\/ul>\n\n\n<style>.wp-block-kadence-spacer.kt-block-spacer-1828_bc1ec7-26 .kt-block-spacer{height:30px;}.wp-block-kadence-spacer.kt-block-spacer-1828_bc1ec7-26 .kt-divider{border-top-width:1px;height:1px;border-top-color:#eee;width:100%;border-top-style:solid;}<\/style>\n<div class=\"wp-block-kadence-spacer aligncenter kt-block-spacer-1828_bc1ec7-26\"><div class=\"kt-block-spacer kt-block-spacer-halign-center\"><hr class=\"kt-divider\"\/><\/div><\/div>\n\n\n\n<h3 class=\"wp-block-heading\">End of life in prisons, U. Hostettler<\/h3>\n\n\n\n<p><a href=\"http:\/\/p3.snf.ch\/Project-139296\" target=\"_blank\" rel=\"noreferrer noopener\">p3.snf.ch\/Project-139296<\/a><\/p>\n\n\n<style>.wp-block-kadence-spacer.kt-block-spacer-1828_8261fc-8c .kt-block-spacer{height:30px;}.wp-block-kadence-spacer.kt-block-spacer-1828_8261fc-8c .kt-divider{border-top-width:1px;height:1px;border-top-color:#eee;width:100%;border-top-style:solid;}<\/style>\n<div class=\"wp-block-kadence-spacer aligncenter kt-block-spacer-1828_8261fc-8c\"><div class=\"kt-block-spacer kt-block-spacer-halign-center\"><hr class=\"kt-divider\"\/><\/div><\/div>\n\n\n\n<h3 class=\"wp-block-heading\">La question du secret m\u00e9dical en prison.<\/h3>\n\n\n\n<p>Voyez aussi la page &lsquo;intern&rsquo;. Qu&rsquo;est-ce que vous y pensez?<\/p>\n<\/div><\/div>\n\n<\/div><\/div>","protected":false},"excerpt":{"rendered":"<p>Projets Projets et groupes de travail Projet pilote pour l\u2019examen des standards en mati\u00e8re de droits humains et des soins de sant\u00e9 dans les \u00e9tablissements de privation de libert\u00e9 (je ne connais pas l\u2019abr\u00e9viation officielle de ce projet en fran\u00e7ais) Projekt Age Quake Arbeiten im Schweiz. Justizvollzug: eine regelm\u00e4ssige Befragung des Personals, der Gefangenen und [&hellip;]<\/p>\n","protected":false},"author":2,"featured_media":0,"parent":0,"menu_order":0,"comment_status":"closed","ping_status":"closed","template":"","meta":{"inline_featured_image":false,"_uag_custom_page_level_css":"","site-sidebar-layout":"default","site-content-layout":"","ast-site-content-layout":"default","site-content-style":"default","site-sidebar-style":"default","ast-global-header-display":"","ast-banner-title-visibility":"","ast-main-header-display":"","ast-hfb-above-header-display":"","ast-hfb-below-header-display":"","ast-hfb-mobile-header-display":"","site-post-title":"disabled","ast-breadcrumbs-content":"","ast-featured-img":"","footer-sml-layout":"","ast-disable-related-posts":"","theme-transparent-header-meta":"","adv-header-id-meta":"","stick-header-meta":"","header-above-stick-meta":"","header-main-stick-meta":"","header-below-stick-meta":"","astra-migrate-meta-layouts":"default","ast-page-background-enabled":"default","ast-page-background-meta":{"desktop":{"background-color":"var(--ast-global-color-4)","background-image":"","background-repeat":"repeat","background-position":"center center","background-size":"auto","background-attachment":"scroll","background-type":"","background-media":"","overlay-type":"","overlay-color":"","overlay-opacity":"","overlay-gradient":""},"tablet":{"background-color":"","background-image":"","background-repeat":"repeat","background-position":"center center","background-size":"auto","background-attachment":"scroll","background-type":"","background-media":"","overlay-type":"","overlay-color":"","overlay-opacity":"","overlay-gradient":""},"mobile":{"background-color":"","background-image":"","background-repeat":"repeat","background-position":"center center","background-size":"auto","background-attachment":"scroll","background-type":"","background-media":"","overlay-type":"","overlay-color":"","overlay-opacity":"","overlay-gradient":""}},"ast-content-background-meta":{"desktop":{"background-color":"var(--ast-global-color-5)","background-image":"","background-repeat":"repeat","background-position":"center center","background-size":"auto","background-attachment":"scroll","background-type":"","background-media":"","overlay-type":"","overlay-color":"","overlay-opacity":"","overlay-gradient":""},"tablet":{"background-color":"var(--ast-global-color-5)","background-image":"","background-repeat":"repeat","background-position":"center center","background-size":"auto","background-attachment":"scroll","background-type":"","background-media":"","overlay-type":"","overlay-color":"","overlay-opacity":"","overlay-gradient":""},"mobile":{"background-color":"var(--ast-global-color-5)","background-image":"","background-repeat":"repeat","background-position":"center center","background-size":"auto","background-attachment":"scroll","background-type":"","background-media":"","overlay-type":"","overlay-color":"","overlay-opacity":"","overlay-gradient":""}},"footnotes":""},"class_list":["post-1828","page","type-page","status-publish","hentry"],"yoast_head":"<!-- This site is optimized with the Yoast SEO plugin v27.5 - https:\/\/yoast.com\/product\/yoast-seo-wordpress\/ -->\n<title>Projets - CMPS \/ KSG<\/title>\n<meta name=\"robots\" content=\"index, follow, max-snippet:-1, max-image-preview:large, max-video-preview:-1\" \/>\n<link rel=\"canonical\" href=\"https:\/\/cmps-ksg.ch\/fr\/projets\/\" \/>\n<meta property=\"og:locale\" content=\"fr_FR\" \/>\n<meta property=\"og:type\" content=\"article\" \/>\n<meta property=\"og:title\" content=\"Projets - CMPS \/ KSG\" \/>\n<meta property=\"og:description\" content=\"Projets Projets et groupes de travail Projet pilote pour l\u2019examen des standards en mati\u00e8re de droits humains et des soins de sant\u00e9 dans les \u00e9tablissements de privation de libert\u00e9 (je ne connais pas l\u2019abr\u00e9viation officielle de ce projet en fran\u00e7ais) Projekt Age Quake Arbeiten im Schweiz. Justizvollzug: eine regelm\u00e4ssige Befragung des Personals, der Gefangenen und [&hellip;]\" \/>\n<meta property=\"og:url\" content=\"https:\/\/cmps-ksg.ch\/fr\/projets\/\" \/>\n<meta property=\"og:site_name\" content=\"CMPS \/ KSG\" \/>\n<meta property=\"article:modified_time\" content=\"2024-11-26T11:29:50+00:00\" \/>\n<meta name=\"twitter:card\" content=\"summary_large_image\" \/>\n<meta name=\"twitter:label1\" content=\"Dur\u00e9e de lecture estim\u00e9e\" \/>\n\t<meta name=\"twitter:data1\" content=\"1 minute\" \/>\n<script type=\"application\/ld+json\" class=\"yoast-schema-graph\">{\"@context\":\"https:\\\/\\\/schema.org\",\"@graph\":[{\"@type\":\"WebPage\",\"@id\":\"https:\\\/\\\/cmps-ksg.ch\\\/fr\\\/projets\\\/\",\"url\":\"https:\\\/\\\/cmps-ksg.ch\\\/fr\\\/projets\\\/\",\"name\":\"Projets - CMPS \\\/ KSG\",\"isPartOf\":{\"@id\":\"https:\\\/\\\/cmps-ksg.ch\\\/#website\"},\"datePublished\":\"2022-12-07T15:39:01+00:00\",\"dateModified\":\"2024-11-26T11:29:50+00:00\",\"breadcrumb\":{\"@id\":\"https:\\\/\\\/cmps-ksg.ch\\\/fr\\\/projets\\\/#breadcrumb\"},\"inLanguage\":\"fr-FR\",\"potentialAction\":[{\"@type\":\"ReadAction\",\"target\":[\"https:\\\/\\\/cmps-ksg.ch\\\/fr\\\/projets\\\/\"]}]},{\"@type\":\"BreadcrumbList\",\"@id\":\"https:\\\/\\\/cmps-ksg.ch\\\/fr\\\/projets\\\/#breadcrumb\",\"itemListElement\":[{\"@type\":\"ListItem\",\"position\":1,\"name\":\"Home\",\"item\":\"https:\\\/\\\/cmps-ksg.ch\\\/fr\\\/\"},{\"@type\":\"ListItem\",\"position\":2,\"name\":\"Projets\"}]},{\"@type\":\"WebSite\",\"@id\":\"https:\\\/\\\/cmps-ksg.ch\\\/#website\",\"url\":\"https:\\\/\\\/cmps-ksg.ch\\\/\",\"name\":\"CMPS \\\/ KSG\",\"description\":\"\",\"publisher\":{\"@id\":\"https:\\\/\\\/cmps-ksg.ch\\\/#organization\"},\"potentialAction\":[{\"@type\":\"SearchAction\",\"target\":{\"@type\":\"EntryPoint\",\"urlTemplate\":\"https:\\\/\\\/cmps-ksg.ch\\\/?s={search_term_string}\"},\"query-input\":{\"@type\":\"PropertyValueSpecification\",\"valueRequired\":true,\"valueName\":\"search_term_string\"}}],\"inLanguage\":\"fr-FR\"},{\"@type\":\"Organization\",\"@id\":\"https:\\\/\\\/cmps-ksg.ch\\\/#organization\",\"name\":\"CMPS \\\/ KSG\",\"url\":\"https:\\\/\\\/cmps-ksg.ch\\\/\",\"logo\":{\"@type\":\"ImageObject\",\"inLanguage\":\"fr-FR\",\"@id\":\"https:\\\/\\\/cmps-ksg.ch\\\/#\\\/schema\\\/logo\\\/image\\\/\",\"url\":\"https:\\\/\\\/cmps-ksg.ch\\\/wp-content\\\/uploads\\\/2023\\\/05\\\/logo_cmps-ksg.svg\",\"contentUrl\":\"https:\\\/\\\/cmps-ksg.ch\\\/wp-content\\\/uploads\\\/2023\\\/05\\\/logo_cmps-ksg.svg\",\"caption\":\"CMPS \\\/ KSG\"},\"image\":{\"@id\":\"https:\\\/\\\/cmps-ksg.ch\\\/#\\\/schema\\\/logo\\\/image\\\/\"}}]}<\/script>\n<!-- \/ Yoast SEO plugin. -->","yoast_head_json":{"title":"Projets - CMPS \/ KSG","robots":{"index":"index","follow":"follow","max-snippet":"max-snippet:-1","max-image-preview":"max-image-preview:large","max-video-preview":"max-video-preview:-1"},"canonical":"https:\/\/cmps-ksg.ch\/fr\/projets\/","og_locale":"fr_FR","og_type":"article","og_title":"Projets - CMPS \/ KSG","og_description":"Projets Projets et groupes de travail Projet pilote pour l\u2019examen des standards en mati\u00e8re de droits humains et des soins de sant\u00e9 dans les \u00e9tablissements de privation de libert\u00e9 (je ne connais pas l\u2019abr\u00e9viation officielle de ce projet en fran\u00e7ais) Projekt Age Quake Arbeiten im Schweiz. Justizvollzug: eine regelm\u00e4ssige Befragung des Personals, der Gefangenen und [&hellip;]","og_url":"https:\/\/cmps-ksg.ch\/fr\/projets\/","og_site_name":"CMPS \/ KSG","article_modified_time":"2024-11-26T11:29:50+00:00","twitter_card":"summary_large_image","twitter_misc":{"Dur\u00e9e de lecture estim\u00e9e":"1 minute"},"schema":{"@context":"https:\/\/schema.org","@graph":[{"@type":"WebPage","@id":"https:\/\/cmps-ksg.ch\/fr\/projets\/","url":"https:\/\/cmps-ksg.ch\/fr\/projets\/","name":"Projets - CMPS \/ KSG","isPartOf":{"@id":"https:\/\/cmps-ksg.ch\/#website"},"datePublished":"2022-12-07T15:39:01+00:00","dateModified":"2024-11-26T11:29:50+00:00","breadcrumb":{"@id":"https:\/\/cmps-ksg.ch\/fr\/projets\/#breadcrumb"},"inLanguage":"fr-FR","potentialAction":[{"@type":"ReadAction","target":["https:\/\/cmps-ksg.ch\/fr\/projets\/"]}]},{"@type":"BreadcrumbList","@id":"https:\/\/cmps-ksg.ch\/fr\/projets\/#breadcrumb","itemListElement":[{"@type":"ListItem","position":1,"name":"Home","item":"https:\/\/cmps-ksg.ch\/fr\/"},{"@type":"ListItem","position":2,"name":"Projets"}]},{"@type":"WebSite","@id":"https:\/\/cmps-ksg.ch\/#website","url":"https:\/\/cmps-ksg.ch\/","name":"CMPS \/ KSG","description":"","publisher":{"@id":"https:\/\/cmps-ksg.ch\/#organization"},"potentialAction":[{"@type":"SearchAction","target":{"@type":"EntryPoint","urlTemplate":"https:\/\/cmps-ksg.ch\/?s={search_term_string}"},"query-input":{"@type":"PropertyValueSpecification","valueRequired":true,"valueName":"search_term_string"}}],"inLanguage":"fr-FR"},{"@type":"Organization","@id":"https:\/\/cmps-ksg.ch\/#organization","name":"CMPS \/ KSG","url":"https:\/\/cmps-ksg.ch\/","logo":{"@type":"ImageObject","inLanguage":"fr-FR","@id":"https:\/\/cmps-ksg.ch\/#\/schema\/logo\/image\/","url":"https:\/\/cmps-ksg.ch\/wp-content\/uploads\/2023\/05\/logo_cmps-ksg.svg","contentUrl":"https:\/\/cmps-ksg.ch\/wp-content\/uploads\/2023\/05\/logo_cmps-ksg.svg","caption":"CMPS \/ KSG"},"image":{"@id":"https:\/\/cmps-ksg.ch\/#\/schema\/logo\/image\/"}}]}},"uagb_featured_image_src":{"full":false,"thumbnail":false,"medium":false,"medium_large":false,"large":false,"1536x1536":false,"2048x2048":false},"uagb_author_info":{"display_name":"Michael Krautwasser","author_link":"https:\/\/cmps-ksg.ch\/fr\/author\/eotks38glkajl28ghks4glwaa\/"},"uagb_comment_info":0,"uagb_excerpt":"Projets Projets et groupes de travail Projet pilote pour l\u2019examen des standards en mati\u00e8re de droits humains et des soins de sant\u00e9 dans les \u00e9tablissements de privation de libert\u00e9 (je ne connais pas l\u2019abr\u00e9viation officielle de ce projet en fran\u00e7ais) Projekt Age Quake Arbeiten im Schweiz. Justizvollzug: eine regelm\u00e4ssige Befragung des Personals, der Gefangenen und\u2026","_links":{"self":[{"href":"https:\/\/cmps-ksg.ch\/fr\/wp-json\/wp\/v2\/pages\/1828","targetHints":{"allow":["GET"]}}],"collection":[{"href":"https:\/\/cmps-ksg.ch\/fr\/wp-json\/wp\/v2\/pages"}],"about":[{"href":"https:\/\/cmps-ksg.ch\/fr\/wp-json\/wp\/v2\/types\/page"}],"author":[{"embeddable":true,"href":"https:\/\/cmps-ksg.ch\/fr\/wp-json\/wp\/v2\/users\/2"}],"replies":[{"embeddable":true,"href":"https:\/\/cmps-ksg.ch\/fr\/wp-json\/wp\/v2\/comments?post=1828"}],"version-history":[{"count":8,"href":"https:\/\/cmps-ksg.ch\/fr\/wp-json\/wp\/v2\/pages\/1828\/revisions"}],"predecessor-version":[{"id":2289,"href":"https:\/\/cmps-ksg.ch\/fr\/wp-json\/wp\/v2\/pages\/1828\/revisions\/2289"}],"wp:attachment":[{"href":"https:\/\/cmps-ksg.ch\/fr\/wp-json\/wp\/v2\/media?parent=1828"}],"curies":[{"name":"wp","href":"https:\/\/api.w.org\/{rel}","templated":true}]}}